{"id":2886,"date":"2015-04-17T16:57:02","date_gmt":"2015-04-17T16:57:02","guid":{"rendered":"http:\/\/imagomagic.com\/producto\/crack\/"},"modified":"2026-02-08T19:23:16","modified_gmt":"2026-02-08T19:23:16","slug":"crack","status":"publish","type":"product","link":"https:\/\/imagomagic.com\/?product=crack","title":{"rendered":"Crack"},"content":{"rendered":"<p>[vc_row bg_color=\u00bb\u00bb][vc_column width=\u00bb1\/1&#8243;]<div class=\"ish-sc-element ish-sc_separator ish-color4 ish-separator-thin\"><\/div>[\/vc_column][\/vc_row][vc_row bg_color=\u00bb\u00bb][vc_column width=\u00bb1\/1&#8243;][vc_column_text]<\/p>\n<p style=\"text-align: right;\"><span style=\"color: #808080;\">** Contactar directamente con <strong>support@imagomagic.com <\/strong>para info sobre precio y acabados | contact directly to <strong>support@imagomagic.com<\/strong> for info on prices and photofinishes<\/span><\/p>\n<p>[\/vc_column_text][\/vc_column][\/vc_row][vc_row bg_color=\u00bb\u00bb][vc_column width=\u00bb1\/1&#8243;][vc_column_text color=\u00bbcolor8&#8243;]<span style=\"color: #666699;\"><strong>PHOTOFINISHING<\/strong><\/span><br \/>\n<span style=\"color: #666699;\">&#x2666; <a style=\"color: #666699;\" href=\"https:\/\/imagomagic.com\/wp-content\/uploads\/2020\/06\/PhotoRag_308.pdf\" target=\"_blank\" rel=\"noopener noreferrer\"><strong>Photo Rag\u00ae<\/strong><\/a> \u2013<\/span> a white, 100% cotton paper with a smooth surface texture \u2013 guarantees archival standards. With its premium matt inkjet coating Photo Rag\u00ae meets the highest industry standards regarding density, colour gamut, colour graduation and image sharpness while preserving the special touch and feel of genuine art paper. &#x2666;<\/p>\n<p><span style=\"color: #666699;\">&#x2666; <a style=\"color: #666699;\" href=\"https:\/\/imagomagic.com\/wp-content\/uploads\/2020\/06\/William_Turner_190.pdf\" target=\"_blank\" rel=\"noopener noreferrer\"><strong>William Turner<\/strong><\/a> <\/span>\u2013 a white, 100% cotton paper \u2013 guarantees archival standards. The mould-made watercolour paper features a distinct textured surface. With its premium matt inkjet coating William Turner meets the highest industry standards regarding density, colour gamut, colour graduation and image sharpness while preserving the special touch and feel of genuine art paper. Compatible with pigmented and dye inkjet systems.&#x2666;<\/p>\n<p><span style=\"color: #666699;\"><strong>FOTOACABADO<\/strong><\/span><br \/>\n<span style=\"color: #666699;\">&#x2660;<a style=\"color: #666699;\" href=\"https:\/\/imagomagic.com\/wp-content\/uploads\/2020\/06\/PhotoRag_308.pdf\" target=\"_blank\" rel=\"noopener noreferrer\"> <strong>Papel Photo Rag<\/strong><\/a> &#8211; <\/span>308g\/m2 de la casa Hahnem\u00fclle. Este papel blanco con base de algod\u00f3n, fabricado especialmente para el trabajo art\u00edstico, es agradable y suave al tacto y posee una estructura de fieltro ligeramente acentuada, que contribuye a darle un aspecto de tridimensionalidad e impresionante profundidad a las im\u00e1genes. En combinaci\u00f3n con el recubrimiento premium mate inkjet, hace que \u00a0el resultado sean impresiones extraordinarias con colores brillantes, un negro profundo, contrastes fascinantes y una reproducci\u00f3n perfecta de los detalles.&#x2660;<br \/>\n<span style=\"color: #666699;\">&#x2660; <a style=\"color: #666699;\" href=\"https:\/\/imagomagic.com\/wp-content\/uploads\/2020\/06\/William_Turner_190.pdf\" target=\"_blank\" rel=\"noopener noreferrer\"><strong>Papel William Turner<\/strong> <\/a>de<\/span> 190g\/m2. es un papel de acuarela fabricado con el tradicional procedimiento de criba redonda y con capa inkjet optimizada para las impresiones Fine Art. Este papel blanco a base de algod\u00f3n no contiene blanqueadores \u00f3pticosLa capa inkjet premium mate garantiza unos resultados excelentes de impresi\u00f3n con una extraordinaria reproducci\u00f3n de colores y detalles, impresionantes contrastes y un color negro de gran profundidad. William Turner es libre de \u00e1cido y lignina y cumple con los requisitos m\u00e1s rigurosos de resistencia al envejecimiento.&#x2660;<\/p>\n<hr \/>\n<p style=\"text-align: left;\"><span style=\"color: #666699;\"><strong>Natalia worked on Mordor&#8217;s Eye series for three years looking and hunting the reflections of the Berlin TV Tower after the rain (2009-2012). In winter, fall, at spring and summer, mornings, afternoons\u2026 All for the fugitive beauty hide in the floor.<\/strong><\/span><\/p>\n<p>[\/vc_column_text][\/vc_column][\/vc_row]<\/p>\n","protected":false},"excerpt":{"rendered":"<h4>\u00a0[Mordor\u2019s Eye Series \u20142009]<\/h4>\n<p>&nbsp;<\/p>\n<p>1 Exemplar from [Edition of 30] \u2014 Size A3<\/p>\n<p>&nbsp;<\/p>\n<h6>&#x2665; [Sold alone or as a complete series -6 photos-]<\/h6>\n<p>&nbsp;<\/p>\n<p>&nbsp;<\/p>\n","protected":false},"featured_media":2871,"comment_status":"open","ping_status":"closed","template":"","meta":[],"product_brand":[],"product_cat":[81],"product_tag":[62],"class_list":{"0":"post-2886","1":"product","2":"type-product","3":"status-publish","4":"has-post-thumbnail","6":"product_cat-mordors-eye-series","7":"product_tag-mordors-eye-series","8":"product_shipping_class-a3-papel","10":"first","11":"instock","12":"taxable","13":"shipping-taxable","14":"purchasable","15":"product-type-variable"},"_links":{"self":[{"href":"https:\/\/imagomagic.com\/index.php?rest_route=\/wp\/v2\/product\/2886","targetHints":{"allow":["GET"]}}],"collection":[{"href":"https:\/\/imagomagic.com\/index.php?rest_route=\/wp\/v2\/product"}],"about":[{"href":"https:\/\/imagomagic.com\/index.php?rest_route=\/wp\/v2\/types\/product"}],"replies":[{"embeddable":true,"href":"https:\/\/imagomagic.com\/index.php?rest_route=%2Fwp%2Fv2%2Fcomments&post=2886"}],"wp:featuredmedia":[{"embeddable":true,"href":"https:\/\/imagomagic.com\/index.php?rest_route=\/wp\/v2\/media\/2871"}],"wp:attachment":[{"href":"https:\/\/imagomagic.com\/index.php?rest_route=%2Fwp%2Fv2%2Fmedia&parent=2886"}],"wp:term":[{"taxonomy":"product_brand","embeddable":true,"href":"https:\/\/imagomagic.com\/index.php?rest_route=%2Fwp%2Fv2%2Fproduct_brand&post=2886"},{"taxonomy":"product_cat","embeddable":true,"href":"https:\/\/imagomagic.com\/index.php?rest_route=%2Fwp%2Fv2%2Fproduct_cat&post=2886"},{"taxonomy":"product_tag","embeddable":true,"href":"https:\/\/imagomagic.com\/index.php?rest_route=%2Fwp%2Fv2%2Fproduct_tag&post=2886"}],"curies":[{"name":"wp","href":"https:\/\/api.w.org\/{rel}","templated":true}]}}