{"id":4853,"date":"2020-05-19T18:02:26","date_gmt":"2020-05-19T18:02:26","guid":{"rendered":"https:\/\/imagomagic.com\/?post_type=product&#038;p=4853"},"modified":"2026-02-08T19:53:02","modified_gmt":"2026-02-08T19:53:02","slug":"fosile-schilder-2","status":"publish","type":"product","link":"https:\/\/imagomagic.com\/?product=fosile-schilder-2","title":{"rendered":"Fosile Schilder"},"content":{"rendered":"<p>[vc_row bg_color=\u00bb\u00bb][vc_column width=\u00bb1\/1&#8243;][vc_column_text]<\/p>\n<p style=\"text-align: right;\"><span style=\"color: #808080;\">** Contactar directamente con <strong>support@imagomagic.com <\/strong>para info sobre precio y acabados | contact directly to <strong>support@imagomagic.com<\/strong> for info on prices and photofinishes<\/span><\/p>\n<p>[\/vc_column_text][\/vc_column][\/vc_row][vc_row bg_color=\u00bb\u00bb][vc_column][vc_column_text]<span style=\"color: #666699;\"><strong>PHOTOFINISHING<\/strong><\/span><\/p>\n<p><a href=\"https:\/\/imagomagic.com\/wp-content\/uploads\/2024\/06\/datasheet-PhotoRagBaryta.pdf\"><span style=\"color: #666699;\">&#x2666;<\/span><strong><span style=\"color: #666699;\"> Hahnem\u00fchlle Photo Rag\u00ae Baryta<\/span>&#8211;<\/strong> <\/a>es un papel de algod\u00f3n puro con una capa inkjet optimizada para las necesidades de las aplicaciones FineArt. El papel es de color blanco natural de una agradable calidez y no contiene blanqueadores \u00f3pticos&#x2666;<\/p>\n<p><span style=\"color: #666699;\">&#x2666; <a style=\"color: #666699;\" href=\"https:\/\/imagomagic.com\/wp-content\/uploads\/2020\/05\/Hahnem%C3%BChle_Bamboo_Paper.pdf\"><strong>Bamboo paper\u00a0 Hahnem\u00fclle<\/strong><\/a>-2<\/span>90 gs\/m 90% bamboo fibres &#8211; 10% cotton|Bamboo \u2013 a natural white paper with a smooth surface texture \u2013 is made from 90% bamboo fibres and 10% cotton and guarantees archival standards. With its premium matt inkjet coating Bamboo meets the highest industry standards regarding density, colour gamut, colour graduation and image sharpness while preserving the special touch and feel of genuine art paper. Compatible with pigmented and dye inkjet systems.&#x2666;<\/p>\n<p><span style=\"color: #666699;\"><strong>FOTOACABADO<\/strong><\/span><\/p>\n<p><a href=\"https:\/\/imagomagic.com\/wp-content\/uploads\/2024\/06\/datasheet-PhotoRagBaryta.pdf\"><span style=\"color: #666699;\">&#x2666;<\/span><strong><span style=\"color: #666699;\"> Hahnem\u00fchlle Photo Rag\u00ae Baryta<\/span>&#8211;<\/strong> <\/a>es un papel de algod\u00f3n puro con una capa inkjet optimizada para las necesidades de las aplicaciones FineArt. El papel es de color blanco natural de una agradable calidez y no contiene blanqueadores \u00f3pticos &#x2666;<\/p>\n<p><span style=\"color: #666699;\"><strong>&#x2666; <a style=\"color: #666699;\" href=\"https:\/\/imagomagic.com\/wp-content\/uploads\/2020\/05\/Hahnem%C3%BChle_Bamboo_Paper.pdf\">Papel fineart de la casa H\u00e4hnem\u00fcle<\/a> <\/strong><\/span>290g\/m | 90% fibras de bamb\u00fa -10% de algod\u00f3n. Es el primer papel FineArt Inkjet del mundo elaborado a partir de un 90% de fibras de bamb\u00fa, y representa para la industria del papel, el respeto a la naturaleza y al medioambiente. El papel de bamb\u00fa de tono c\u00e1lido blanco natural no contiene blanqueadores \u00f3pticos y destaca por su estructura de fieltro suave, ligeramente texturizada con una agradable sensaci\u00f3n al tacto. El recubrimiento premium mate inkjet proporciona resultados de impresi\u00f3n excelentes con&#x2666;<\/p>\n<hr \/>\n<h6 style=\"text-align: right;\"><span style=\"color: #666699;\">They\u2019re the vineyards of meteors,<\/span><br \/>\n<span style=\"color: #666699;\">the subways of sapphires.<\/span><br \/>\n<span style=\"color: #666699;\">On the plateaus the toy soldier<\/span><br \/>\n<span style=\"color: #666699;\">sleeps in clothing of tin.<\/span><\/h6>\n<h6 style=\"text-align: right;\"><span style=\"color: #666699;\">Cooper stablish its crimes<\/span><br \/>\n<span style=\"color: #666699;\">in the unburied darkness<\/span><br \/>\n<span style=\"color: #666699;\">charged with Green matter,<\/span><br \/>\n<span style=\"color: #666699;\">and in the accumulated silence<\/span><br \/>\n<span style=\"color: #666699;\">the destructive mummies sleep on.<\/span><\/h6>\n<h6 style=\"text-align: right;\"><span style=\"color: #666699;\">Canto general, Minerals, Pablo Neruda<\/span><\/h6>\n<p>[\/vc_column_text][\/vc_column][\/vc_row]<\/p>\n","protected":false},"excerpt":{"rendered":"<h4>[From \u03bcTektonik des Krieges Series \u2014\u03bcTect\u00f3nica de la Guerra 17]<\/h4>\n<p>&nbsp;<\/p>\n<p>1 Exemplar\u00a0 from [Edition of 30]\u00a0 \u2014 Size A3<\/p>\n<h6>&#x2665;\u00a0 [Sold alone or also as a complete series -13 pictures-]<\/h6>\n<p>&nbsp;<\/p>\n","protected":false},"featured_media":3168,"comment_status":"open","ping_status":"closed","template":"","meta":[],"product_brand":[],"product_cat":[87],"product_tag":[],"class_list":{"0":"post-4853","1":"product","2":"type-product","3":"status-publish","4":"has-post-thumbnail","6":"product_cat-tectonica-de-la-guerra","7":"product_shipping_class-a3-passepartout","9":"first","10":"instock","11":"taxable","12":"shipping-taxable","13":"purchasable","14":"product-type-variable"},"_links":{"self":[{"href":"https:\/\/imagomagic.com\/index.php?rest_route=\/wp\/v2\/product\/4853","targetHints":{"allow":["GET"]}}],"collection":[{"href":"https:\/\/imagomagic.com\/index.php?rest_route=\/wp\/v2\/product"}],"about":[{"href":"https:\/\/imagomagic.com\/index.php?rest_route=\/wp\/v2\/types\/product"}],"replies":[{"embeddable":true,"href":"https:\/\/imagomagic.com\/index.php?rest_route=%2Fwp%2Fv2%2Fcomments&post=4853"}],"wp:featuredmedia":[{"embeddable":true,"href":"https:\/\/imagomagic.com\/index.php?rest_route=\/wp\/v2\/media\/3168"}],"wp:attachment":[{"href":"https:\/\/imagomagic.com\/index.php?rest_route=%2Fwp%2Fv2%2Fmedia&parent=4853"}],"wp:term":[{"taxonomy":"product_brand","embeddable":true,"href":"https:\/\/imagomagic.com\/index.php?rest_route=%2Fwp%2Fv2%2Fproduct_brand&post=4853"},{"taxonomy":"product_cat","embeddable":true,"href":"https:\/\/imagomagic.com\/index.php?rest_route=%2Fwp%2Fv2%2Fproduct_cat&post=4853"},{"taxonomy":"product_tag","embeddable":true,"href":"https:\/\/imagomagic.com\/index.php?rest_route=%2Fwp%2Fv2%2Fproduct_tag&post=4853"}],"curies":[{"name":"wp","href":"https:\/\/api.w.org\/{rel}","templated":true}]}}